{"id":1091,"date":"2016-06-08T11:04:06","date_gmt":"2016-06-08T09:04:06","guid":{"rendered":"https:\/\/fkk-rom.de\/cs\/?page_id=1091"},"modified":"2018-07-12T16:56:28","modified_gmt":"2018-07-12T14:56:28","slug":"kontakt","status":"publish","type":"page","link":"https:\/\/fkk-rom.de\/cs\/kontakt\/","title":{"rendered":"kontakt"},"content":{"rendered":"<div class=\"wpb-content-wrapper\"><p>[vc_row][vc_column width=&#8220;1\/3&#8243;][vc_empty_space]<header><h1>kontakt<\/h1><\/header>[vc_empty_space]\n<div class=\"wpcf7 no-js\" id=\"wpcf7-f1107-o1\" lang=\"cs-CZ\" dir=\"ltr\" data-wpcf7-id=\"1107\">\n<div class=\"screen-reader-response\"><p role=\"status\" aria-live=\"polite\" aria-atomic=\"true\"><\/p> <ul><\/ul><\/div>\n<form action=\"\/cs\/wp-json\/wp\/v2\/pages\/1091#wpcf7-f1107-o1\" method=\"post\" class=\"wpcf7-form init wpcf7-acceptance-as-validation\" aria-label=\"Kontaktn\u00ed formul\u00e1\u0159\" novalidate=\"novalidate\" data-status=\"init\">\n<fieldset class=\"hidden-fields-container\"><input type=\"hidden\" name=\"_wpcf7\" value=\"1107\" \/><input type=\"hidden\" name=\"_wpcf7_version\" value=\"6.1.1\" \/><input type=\"hidden\" name=\"_wpcf7_locale\" value=\"cs_CZ\" \/><input type=\"hidden\" name=\"_wpcf7_unit_tag\" value=\"wpcf7-f1107-o1\" \/><input type=\"hidden\" name=\"_wpcf7_container_post\" value=\"0\" \/><input type=\"hidden\" name=\"_wpcf7_posted_data_hash\" value=\"\" \/>\n<\/fieldset>\n<p><span class=\"wpcf7-form-control-wrap\" data-name=\"your-name\"><input size=\"40\" maxlength=\"400\" class=\"wpcf7-form-control wpcf7-text wpcf7-validates-as-required\" aria-required=\"true\" aria-invalid=\"false\" placeholder=\"Va\u0161e jm\u00e9no (vy\u017eadov\u00e1no)\" value=\"\" type=\"text\" name=\"your-name\" \/><\/span>\n<\/p>\n<p><span class=\"wpcf7-form-control-wrap\" data-name=\"your-email\"><input size=\"40\" maxlength=\"400\" class=\"wpcf7-form-control wpcf7-email wpcf7-validates-as-required wpcf7-text wpcf7-validates-as-email\" aria-required=\"true\" aria-invalid=\"false\" placeholder=\"V\u00e1\u0161 email (vy\u017eadov\u00e1no)\" value=\"\" type=\"email\" name=\"your-email\" \/><\/span>\n<\/p>\n<p><span class=\"wpcf7-form-control-wrap\" data-name=\"your-subject\"><input size=\"40\" maxlength=\"400\" class=\"wpcf7-form-control wpcf7-text\" aria-invalid=\"false\" placeholder=\"P\u0159edm\u011bt\" value=\"\" type=\"text\" name=\"your-subject\" \/><\/span>\n<\/p>\n<p><span class=\"wpcf7-form-control-wrap\" data-name=\"your-message\"><textarea cols=\"40\" rows=\"10\" maxlength=\"2000\" class=\"wpcf7-form-control wpcf7-textarea\" aria-invalid=\"false\" placeholder=\"Va\u0161e zpr\u00e1va\" name=\"your-message\"><\/textarea><\/span>\n<\/p>\n<p><span class=\"wpcf7-form-control-wrap\" data-name=\"checkbox-datenschutz\"><span class=\"wpcf7-form-control wpcf7-acceptance\"><span class=\"wpcf7-list-item\"><input type=\"checkbox\" name=\"checkbox-datenschutz\" value=\"1\" aria-invalid=\"false\" \/><\/span><\/span><\/span> I have read <a href=\"\/cs\/privacy-policy\">privacy policy<\/a> and accept that my data will be saved for the pupose of contact or further inquiries. *\n<\/p>\n<p>Fields marked with * are mandatory.\n<\/p>\n<div class=\"custom-button\">\n\t<p><input class=\"wpcf7-form-control wpcf7-submit has-spinner\" type=\"submit\" value=\"Odeslat\" \/>\n\t<\/p>\n<\/div><input type='hidden' class='wpcf7-pum' value='{\"closepopup\":false,\"closedelay\":0,\"openpopup\":false,\"openpopup_id\":0}' \/><div class=\"wpcf7-response-output\" aria-hidden=\"true\"><\/div>\n<\/form>\n<\/div>\n[vc_empty_space height=&#8220;120px&#8220;][vc_column_text]<\/p>\n<h2>Tak n\u00e1s hned najdete<\/h2>\n<p>[\/vc_column_text][vc_empty_space][vc_column_text]Rom &#8211; FKK Sauna Club<br \/>\nIm Industriegebiet 9<br \/>\r\n64839 Altheim-M\u00fcnster<br \/>\r\n<div class=\"font-smaller\">(mezi Darmstadt a<br>Aschaffenburgu  B26)<\/div>\n<p>Kontakt pro d\u00e1my:\u00a0<strong>0176 70911992<\/strong> (Whatsapp ready)[\/vc_column_text][vc_empty_space height=&#8220;20px&#8220;][vc_column_text]Vzd\u00e1lenost velk\u00fdch m\u011bst<\/p>\n<table class=\"table-no-border\" style=\"width: 100%;\">\n<tbody>\n<tr>\n<td>K\u00f6ln<\/td>\n<td style=\"text-align: right;\">215 KM<\/td>\n<\/tr>\n<tr>\n<td>Frankfurt a.M.<\/td>\n<td style=\"text-align: right;\">29 KM<\/td>\n<\/tr>\n<tr>\n<td>Darmstadt<\/td>\n<td style=\"text-align: right;\">18 KM<\/td>\n<\/tr>\n<tr>\n<td>Aschaffenburg<\/td>\n<td style=\"text-align: right;\">16 KM<\/td>\n<\/tr>\n<\/tbody>\n<\/table>\n<p>[\/vc_column_text][vc_empty_space][vc_column_text]<\/p>\n<h3>Vypo\u010d\u00edtat p\u0159\u00edjezd<\/h3>\n<p>[\/vc_column_text][vc_empty_space]<div class=\"input-with-button\"><input type=\"text\" value=\"\" class=\"route-start\"  placeholder=\"vypo\u010d\u00edtat trasu\" \/><button class=\"custom-button custom-button-circle route-calculate\"><span>&gt;<\/span><\/button><\/div>[vc_empty_space][\/vc_column][vc_column width=&#8220;2\/3&#8243;]<div class=\"wpb_raw_code wpb_content_element wpb_raw_html spacer-portrait\"><div class=\"wpb_wrapper\"><input type=\"hidden\" class=\"route-end\" value=Saunaclub+Frankfurt+%7CFKK+Rom%2C+Im+Industriegebiet+9%2C+64839+M%C3%BCnster \/><div class=\"map\"><iframe class=map-canvas src=https:\/\/www.google.com\/maps\/embed\/v1\/place?key=AIzaSyAERIO_6a6Nmzj-HQAH5RC11KAY-wV4_D4&amp;zoom=12&amp;language=cs&amp;q=Saunaclub+Frankfurt+%7CFKK+Rom%2C+Im+Industriegebiet+9%2C+64839+M%C3%BCnster><\/iframe><div><div><div>[\/vc_column][\/vc_row][vc_row][vc_column][vc_column_text]<\/p>\n<div id=\"directions-panel-text\"><\/div>\n<p>[\/vc_column_text][\/vc_column][\/vc_row]<\/p>\n<\/div>","protected":false},"excerpt":{"rendered":"<p>[vc_row][vc_column width=&#8220;1\/3&#8243;][vc_empty_space][vc_empty_space][vc_empty_space height=&#8220;120px&#8220;][vc_column_text] Tak n\u00e1s hned najdete [\/vc_column_text][vc_empty_space][vc_column_text]Rom &#8211; FKK Sauna Club Kontakt pro d\u00e1my:\u00a00176 70911992 (Whatsapp ready)[\/vc_column_text][vc_empty_space height=&#8220;20px&#8220;][vc_column_text]Vzd\u00e1lenost velk\u00fdch m\u011bst K\u00f6ln 215 KM Frankfurt a.M. 29 KM Darmstadt 18 &#8230;<\/p>\n","protected":false},"author":1,"featured_media":0,"parent":0,"menu_order":0,"comment_status":"closed","ping_status":"closed","template":"","meta":{"footnotes":""},"class_list":["post-1091","page","type-page","status-publish","hentry"],"yoast_head":"<!-- This site is optimized with the Yoast SEO plugin v25.6 - https:\/\/yoast.com\/wordpress\/plugins\/seo\/ -->\n<title>kontakt &#8226;<\/title>\n<meta name=\"robots\" content=\"index, follow, max-snippet:-1, max-image-preview:large, max-video-preview:-1\" \/>\n<link rel=\"canonical\" href=\"https:\/\/fkk-rom.de\/anfahrt\/\" \/>\n<meta property=\"og:locale\" content=\"cs_CZ\" \/>\n<meta property=\"og:type\" content=\"article\" \/>\n<meta property=\"og:title\" content=\"kontakt &#8226;\" \/>\n<meta property=\"og:description\" content=\"[vc_row][vc_column width=&#8220;1\/3&#8243;][vc_empty_space][vc_empty_space][vc_empty_space height=&#8220;120px&#8220;][vc_column_text] Tak n\u00e1s hned najdete [\/vc_column_text][vc_empty_space][vc_column_text]Rom &#8211; FKK Sauna Club Kontakt pro d\u00e1my:\u00a00176 70911992 (Whatsapp ready)[\/vc_column_text][vc_empty_space height=&#8220;20px&#8220;][vc_column_text]Vzd\u00e1lenost velk\u00fdch m\u011bst K\u00f6ln 215 KM Frankfurt a.M. 29 KM Darmstadt 18 ...\" \/>\n<meta property=\"og:url\" content=\"https:\/\/fkk-rom.de\/anfahrt\/\" \/>\n<meta property=\"article:modified_time\" content=\"2018-07-12T14:56:28+00:00\" \/>\n<meta name=\"twitter:card\" content=\"summary_large_image\" \/>\n<meta name=\"twitter:label1\" content=\"Odhadovan\u00e1 doba \u010dten\u00ed\" \/>\n\t<meta name=\"twitter:data1\" content=\"1 minuta\" \/>\n<script type=\"application\/ld+json\" class=\"yoast-schema-graph\">{\"@context\":\"https:\/\/schema.org\",\"@graph\":[{\"@type\":\"WebPage\",\"@id\":\"https:\/\/fkk-rom.de\/anfahrt\/\",\"url\":\"https:\/\/fkk-rom.de\/anfahrt\/\",\"name\":\"kontakt &#8226;\",\"isPartOf\":{\"@id\":\"https:\/\/fkk-rom.de\/#website\"},\"datePublished\":\"2016-06-08T09:04:06+00:00\",\"dateModified\":\"2018-07-12T14:56:28+00:00\",\"breadcrumb\":{\"@id\":\"https:\/\/fkk-rom.de\/anfahrt\/#breadcrumb\"},\"inLanguage\":\"cs\",\"potentialAction\":[{\"@type\":\"ReadAction\",\"target\":[\"https:\/\/fkk-rom.de\/anfahrt\/\"]}]},{\"@type\":\"BreadcrumbList\",\"@id\":\"https:\/\/fkk-rom.de\/anfahrt\/#breadcrumb\",\"itemListElement\":[{\"@type\":\"ListItem\",\"position\":1,\"name\":\"Home\",\"item\":\"https:\/\/fkk-rom.de\/cs\/\"},{\"@type\":\"ListItem\",\"position\":2,\"name\":\"kontakt\"}]},{\"@type\":\"WebSite\",\"@id\":\"https:\/\/fkk-rom.de\/#website\",\"url\":\"https:\/\/fkk-rom.de\/\",\"name\":\"\",\"description\":\"Wer Wellness sucht, kommt am Club bei Frankfurt nicht vorbei! Dort liegt er, der Club der Entspannung, 3000qm\u00b2 Club Rom.\",\"potentialAction\":[{\"@type\":\"SearchAction\",\"target\":{\"@type\":\"EntryPoint\",\"urlTemplate\":\"https:\/\/fkk-rom.de\/?s={search_term_string}\"},\"query-input\":{\"@type\":\"PropertyValueSpecification\",\"valueRequired\":true,\"valueName\":\"search_term_string\"}}],\"inLanguage\":\"cs\"}]}<\/script>\n<!-- \/ Yoast SEO plugin. -->","yoast_head_json":{"title":"kontakt &#8226;","robots":{"index":"index","follow":"follow","max-snippet":"max-snippet:-1","max-image-preview":"max-image-preview:large","max-video-preview":"max-video-preview:-1"},"canonical":"https:\/\/fkk-rom.de\/anfahrt\/","og_locale":"cs_CZ","og_type":"article","og_title":"kontakt &#8226;","og_description":"[vc_row][vc_column width=&#8220;1\/3&#8243;][vc_empty_space][vc_empty_space][vc_empty_space height=&#8220;120px&#8220;][vc_column_text] Tak n\u00e1s hned najdete [\/vc_column_text][vc_empty_space][vc_column_text]Rom &#8211; FKK Sauna Club Kontakt pro d\u00e1my:\u00a00176 70911992 (Whatsapp ready)[\/vc_column_text][vc_empty_space height=&#8220;20px&#8220;][vc_column_text]Vzd\u00e1lenost velk\u00fdch m\u011bst K\u00f6ln 215 KM Frankfurt a.M. 29 KM Darmstadt 18 ...","og_url":"https:\/\/fkk-rom.de\/anfahrt\/","article_modified_time":"2018-07-12T14:56:28+00:00","twitter_card":"summary_large_image","twitter_misc":{"Odhadovan\u00e1 doba \u010dten\u00ed":"1 minuta"},"schema":{"@context":"https:\/\/schema.org","@graph":[{"@type":"WebPage","@id":"https:\/\/fkk-rom.de\/anfahrt\/","url":"https:\/\/fkk-rom.de\/anfahrt\/","name":"kontakt &#8226;","isPartOf":{"@id":"https:\/\/fkk-rom.de\/#website"},"datePublished":"2016-06-08T09:04:06+00:00","dateModified":"2018-07-12T14:56:28+00:00","breadcrumb":{"@id":"https:\/\/fkk-rom.de\/anfahrt\/#breadcrumb"},"inLanguage":"cs","potentialAction":[{"@type":"ReadAction","target":["https:\/\/fkk-rom.de\/anfahrt\/"]}]},{"@type":"BreadcrumbList","@id":"https:\/\/fkk-rom.de\/anfahrt\/#breadcrumb","itemListElement":[{"@type":"ListItem","position":1,"name":"Home","item":"https:\/\/fkk-rom.de\/cs\/"},{"@type":"ListItem","position":2,"name":"kontakt"}]},{"@type":"WebSite","@id":"https:\/\/fkk-rom.de\/#website","url":"https:\/\/fkk-rom.de\/","name":"","description":"Wer Wellness sucht, kommt am Club bei Frankfurt nicht vorbei! Dort liegt er, der Club der Entspannung, 3000qm\u00b2 Club Rom.","potentialAction":[{"@type":"SearchAction","target":{"@type":"EntryPoint","urlTemplate":"https:\/\/fkk-rom.de\/?s={search_term_string}"},"query-input":{"@type":"PropertyValueSpecification","valueRequired":true,"valueName":"search_term_string"}}],"inLanguage":"cs"}]}},"_links":{"self":[{"href":"https:\/\/fkk-rom.de\/cs\/wp-json\/wp\/v2\/pages\/1091","targetHints":{"allow":["GET"]}}],"collection":[{"href":"https:\/\/fkk-rom.de\/cs\/wp-json\/wp\/v2\/pages"}],"about":[{"href":"https:\/\/fkk-rom.de\/cs\/wp-json\/wp\/v2\/types\/page"}],"author":[{"embeddable":true,"href":"https:\/\/fkk-rom.de\/cs\/wp-json\/wp\/v2\/users\/1"}],"replies":[{"embeddable":true,"href":"https:\/\/fkk-rom.de\/cs\/wp-json\/wp\/v2\/comments?post=1091"}],"version-history":[{"count":3,"href":"https:\/\/fkk-rom.de\/cs\/wp-json\/wp\/v2\/pages\/1091\/revisions"}],"predecessor-version":[{"id":2076,"href":"https:\/\/fkk-rom.de\/cs\/wp-json\/wp\/v2\/pages\/1091\/revisions\/2076"}],"wp:attachment":[{"href":"https:\/\/fkk-rom.de\/cs\/wp-json\/wp\/v2\/media?parent=1091"}],"curies":[{"name":"wp","href":"https:\/\/api.w.org\/{rel}","templated":true}]}}