{"id":1088,"date":"2016-06-08T10:59:14","date_gmt":"2016-06-08T08:59:14","guid":{"rendered":"https:\/\/fkk-rom.de\/cs\/?page_id=1088"},"modified":"2016-06-08T10:59:42","modified_gmt":"2016-06-08T08:59:42","slug":"ladies","status":"publish","type":"page","link":"https:\/\/fkk-rom.de\/cs\/ladies\/","title":{"rendered":"D\u00e1my"},"content":{"rendered":"<div class=\"wpb-content-wrapper\"><p>[vc_row][vc_column][vc_empty_space]<header><h1>D\u00e1my<\/h1><\/header>[vc_empty_space][vc_column_text]<\/p>\n<div class=\"inner\">\n<div class=\"inner_wrapper\">\n<div class=\"sidebar_content full_width transparentbg\">\n<div class=\"su-quote su-quote-style-default\">\n<div class=\"su-quote-inner su-clearfix\" style=\"text-align: center;\">\u201eV\u0161echny d\u00e1my pracuj\u00ed na samostatn\u00e9m z\u00e1kladu. Slu\u017eby a ceny<br \/>\nm\u016f\u017eete \u0159e\u0161it p\u0159\u00edmo s nimi. Dle zku\u0161enost\u00ed stoj\u00ed p\u016fl hodiny 50,-.\u201c<\/div>\n<\/div>\n<\/div>\n<\/div>\n<div class=\"inner_wrapper\" style=\"text-align: center;\"><\/div>\n<\/div>\n<p>[\/vc_column_text][vc_empty_space height=&#8220;60px&#8220;][\/vc_column][\/vc_row][vc_row content_placement=&#8220;middle&#8220;][vc_column][vc_empty_space][vc_separator color=&#8220;mulled_wine&#8220; style=&#8220;dashed&#8220; css=&#8220;.vc_custom_1454599522712{padding-top: 40px !important;padding-bottom: 40px !important;}&#8220;][vc_column_text]<\/p>\n<h3 style=\"text-align: center;\">M\u00e1te dal\u0161\u00ed ot\u00e1zky? R\u00e1di v\u00e1m je zodpov\u00edme.<\/h3>\n<p>[\/vc_column_text][vc_empty_space]<a href=\"https:\/\/fkk-rom.de\/cs\/\/\/anfahrt\"><button class=\"custom-button button-center\"><span>Kontakt<\/span><\/button><\/a>[vc_separator color=&#8220;mulled_wine&#8220; style=&#8220;dashed&#8220; css=&#8220;.vc_custom_1454599522712{padding-top: 40px !important;padding-bottom: 40px !important;}&#8220;][vc_empty_space height=&#8220;62px&#8220;][vc_masonry_grid post_type=&#8220;post&#8220; max_items=&#8220;4&#8243; style=&#8220;load-more&#8220; items_per_page=&#8220;4&#8243; element_width=&#8220;3&#8243; item=&#8220;239&#8243; grid_id=&#8220;vc_gid:1465376316381-2c0cdb8a-0c72-3&#8243; btn_add_icon=&#8220;true&#8220;][vc_separator color=&#8220;mulled_wine&#8220; style=&#8220;dashed&#8220; css=&#8220;.vc_custom_1454599522712{padding-top: 40px !important;padding-bottom: 40px !important;}&#8220;][\/vc_column][\/vc_row]<\/p>\n<\/div>","protected":false},"excerpt":{"rendered":"<p>[vc_row][vc_column][vc_empty_space][vc_empty_space][vc_column_text] \u201eV\u0161echny d\u00e1my pracuj\u00ed na samostatn\u00e9m z\u00e1kladu. Slu\u017eby a ceny m\u016f\u017eete \u0159e\u0161it p\u0159\u00edmo s nimi. Dle zku\u0161enost\u00ed stoj\u00ed p\u016fl hodiny 50,-.\u201c [\/vc_column_text][vc_empty_space height=&#8220;60px&#8220;][\/vc_column][\/vc_row][vc_row content_placement=&#8220;middle&#8220;][vc_column][vc_empty_space][vc_separator color=&#8220;mulled_wine&#8220; style=&#8220;dashed&#8220; css=&#8220;.vc_custom_1454599522712{padding-top: 40px !important;padding-bottom: 40px &#8230;<\/p>\n","protected":false},"author":1,"featured_media":0,"parent":0,"menu_order":0,"comment_status":"closed","ping_status":"closed","template":"","meta":{"footnotes":""},"class_list":["post-1088","page","type-page","status-publish","hentry"],"yoast_head":"<!-- This site is optimized with the Yoast SEO plugin v25.6 - https:\/\/yoast.com\/wordpress\/plugins\/seo\/ -->\n<title>D\u00e1my &#8226;<\/title>\n<meta name=\"robots\" content=\"index, follow, max-snippet:-1, max-image-preview:large, max-video-preview:-1\" \/>\n<link rel=\"canonical\" href=\"https:\/\/fkk-rom.de\/ladies\/\" \/>\n<meta property=\"og:locale\" content=\"cs_CZ\" \/>\n<meta property=\"og:type\" content=\"article\" \/>\n<meta property=\"og:title\" content=\"D\u00e1my &#8226;\" \/>\n<meta property=\"og:description\" content=\"[vc_row][vc_column][vc_empty_space][vc_empty_space][vc_column_text] \u201eV\u0161echny d\u00e1my pracuj\u00ed na samostatn\u00e9m z\u00e1kladu. Slu\u017eby a ceny m\u016f\u017eete \u0159e\u0161it p\u0159\u00edmo s nimi. Dle zku\u0161enost\u00ed stoj\u00ed p\u016fl hodiny 50,-.\u201c [\/vc_column_text][vc_empty_space height=&#8220;60px&#8220;][\/vc_column][\/vc_row][vc_row content_placement=&#8220;middle&#8220;][vc_column][vc_empty_space][vc_separator color=&#8220;mulled_wine&#8220; style=&#8220;dashed&#8220; css=&#8220;.vc_custom_1454599522712{padding-top: 40px !important;padding-bottom: 40px ...\" \/>\n<meta property=\"og:url\" content=\"https:\/\/fkk-rom.de\/ladies\/\" \/>\n<meta property=\"article:modified_time\" content=\"2016-06-08T08:59:42+00:00\" \/>\n<meta name=\"twitter:card\" content=\"summary_large_image\" \/>\n<meta name=\"twitter:label1\" content=\"Odhadovan\u00e1 doba \u010dten\u00ed\" \/>\n\t<meta name=\"twitter:data1\" content=\"1 minuta\" \/>\n<script type=\"application\/ld+json\" class=\"yoast-schema-graph\">{\"@context\":\"https:\/\/schema.org\",\"@graph\":[{\"@type\":\"WebPage\",\"@id\":\"https:\/\/fkk-rom.de\/ladies\/\",\"url\":\"https:\/\/fkk-rom.de\/ladies\/\",\"name\":\"D\u00e1my &#8226;\",\"isPartOf\":{\"@id\":\"https:\/\/fkk-rom.de\/#website\"},\"datePublished\":\"2016-06-08T08:59:14+00:00\",\"dateModified\":\"2016-06-08T08:59:42+00:00\",\"breadcrumb\":{\"@id\":\"https:\/\/fkk-rom.de\/ladies\/#breadcrumb\"},\"inLanguage\":\"cs\",\"potentialAction\":[{\"@type\":\"ReadAction\",\"target\":[\"https:\/\/fkk-rom.de\/ladies\/\"]}]},{\"@type\":\"BreadcrumbList\",\"@id\":\"https:\/\/fkk-rom.de\/ladies\/#breadcrumb\",\"itemListElement\":[{\"@type\":\"ListItem\",\"position\":1,\"name\":\"Home\",\"item\":\"https:\/\/fkk-rom.de\/cs\/\"},{\"@type\":\"ListItem\",\"position\":2,\"name\":\"D\u00e1my\"}]},{\"@type\":\"WebSite\",\"@id\":\"https:\/\/fkk-rom.de\/#website\",\"url\":\"https:\/\/fkk-rom.de\/\",\"name\":\"\",\"description\":\"Wer Wellness sucht, kommt am Club bei Frankfurt nicht vorbei! Dort liegt er, der Club der Entspannung, 3000qm\u00b2 Club Rom.\",\"potentialAction\":[{\"@type\":\"SearchAction\",\"target\":{\"@type\":\"EntryPoint\",\"urlTemplate\":\"https:\/\/fkk-rom.de\/?s={search_term_string}\"},\"query-input\":{\"@type\":\"PropertyValueSpecification\",\"valueRequired\":true,\"valueName\":\"search_term_string\"}}],\"inLanguage\":\"cs\"}]}<\/script>\n<!-- \/ Yoast SEO plugin. -->","yoast_head_json":{"title":"D\u00e1my &#8226;","robots":{"index":"index","follow":"follow","max-snippet":"max-snippet:-1","max-image-preview":"max-image-preview:large","max-video-preview":"max-video-preview:-1"},"canonical":"https:\/\/fkk-rom.de\/ladies\/","og_locale":"cs_CZ","og_type":"article","og_title":"D\u00e1my &#8226;","og_description":"[vc_row][vc_column][vc_empty_space][vc_empty_space][vc_column_text] \u201eV\u0161echny d\u00e1my pracuj\u00ed na samostatn\u00e9m z\u00e1kladu. Slu\u017eby a ceny m\u016f\u017eete \u0159e\u0161it p\u0159\u00edmo s nimi. Dle zku\u0161enost\u00ed stoj\u00ed p\u016fl hodiny 50,-.\u201c [\/vc_column_text][vc_empty_space height=&#8220;60px&#8220;][\/vc_column][\/vc_row][vc_row content_placement=&#8220;middle&#8220;][vc_column][vc_empty_space][vc_separator color=&#8220;mulled_wine&#8220; style=&#8220;dashed&#8220; css=&#8220;.vc_custom_1454599522712{padding-top: 40px !important;padding-bottom: 40px ...","og_url":"https:\/\/fkk-rom.de\/ladies\/","article_modified_time":"2016-06-08T08:59:42+00:00","twitter_card":"summary_large_image","twitter_misc":{"Odhadovan\u00e1 doba \u010dten\u00ed":"1 minuta"},"schema":{"@context":"https:\/\/schema.org","@graph":[{"@type":"WebPage","@id":"https:\/\/fkk-rom.de\/ladies\/","url":"https:\/\/fkk-rom.de\/ladies\/","name":"D\u00e1my &#8226;","isPartOf":{"@id":"https:\/\/fkk-rom.de\/#website"},"datePublished":"2016-06-08T08:59:14+00:00","dateModified":"2016-06-08T08:59:42+00:00","breadcrumb":{"@id":"https:\/\/fkk-rom.de\/ladies\/#breadcrumb"},"inLanguage":"cs","potentialAction":[{"@type":"ReadAction","target":["https:\/\/fkk-rom.de\/ladies\/"]}]},{"@type":"BreadcrumbList","@id":"https:\/\/fkk-rom.de\/ladies\/#breadcrumb","itemListElement":[{"@type":"ListItem","position":1,"name":"Home","item":"https:\/\/fkk-rom.de\/cs\/"},{"@type":"ListItem","position":2,"name":"D\u00e1my"}]},{"@type":"WebSite","@id":"https:\/\/fkk-rom.de\/#website","url":"https:\/\/fkk-rom.de\/","name":"","description":"Wer Wellness sucht, kommt am Club bei Frankfurt nicht vorbei! Dort liegt er, der Club der Entspannung, 3000qm\u00b2 Club Rom.","potentialAction":[{"@type":"SearchAction","target":{"@type":"EntryPoint","urlTemplate":"https:\/\/fkk-rom.de\/?s={search_term_string}"},"query-input":{"@type":"PropertyValueSpecification","valueRequired":true,"valueName":"search_term_string"}}],"inLanguage":"cs"}]}},"_links":{"self":[{"href":"https:\/\/fkk-rom.de\/cs\/wp-json\/wp\/v2\/pages\/1088","targetHints":{"allow":["GET"]}}],"collection":[{"href":"https:\/\/fkk-rom.de\/cs\/wp-json\/wp\/v2\/pages"}],"about":[{"href":"https:\/\/fkk-rom.de\/cs\/wp-json\/wp\/v2\/types\/page"}],"author":[{"embeddable":true,"href":"https:\/\/fkk-rom.de\/cs\/wp-json\/wp\/v2\/users\/1"}],"replies":[{"embeddable":true,"href":"https:\/\/fkk-rom.de\/cs\/wp-json\/wp\/v2\/comments?post=1088"}],"version-history":[{"count":2,"href":"https:\/\/fkk-rom.de\/cs\/wp-json\/wp\/v2\/pages\/1088\/revisions"}],"predecessor-version":[{"id":1090,"href":"https:\/\/fkk-rom.de\/cs\/wp-json\/wp\/v2\/pages\/1088\/revisions\/1090"}],"wp:attachment":[{"href":"https:\/\/fkk-rom.de\/cs\/wp-json\/wp\/v2\/media?parent=1088"}],"curies":[{"name":"wp","href":"https:\/\/api.w.org\/{rel}","templated":true}]}}