{"id":1086,"date":"2016-06-08T10:46:51","date_gmt":"2016-06-08T08:46:51","guid":{"rendered":"https:\/\/fkk-rom.de\/cs\/?page_id=1086"},"modified":"2022-09-12T15:34:04","modified_gmt":"2022-09-12T13:34:04","slug":"ceny","status":"publish","type":"page","link":"https:\/\/fkk-rom.de\/cs\/ceny\/","title":{"rendered":"Ceny"},"content":{"rendered":"<div class=\"wpb-content-wrapper\"><p>[vc_row][vc_column][vc_empty_space height=&#8220;60px&#8220;][\/vc_column][\/vc_row][vc_row][vc_column width=&#8220;6\/12&#8243;]<header><h1>Ceny<\/h1><\/header>[vc_column_text]Nudistick\u00fd Saunov\u00fd klub \u0158\u00edm nab\u00edz\u00ed ka\u017ed\u00e9mu hostu samoz\u0159ejm\u011b ru\u010dn\u00edky, desinfikovanou koupac\u00ed obuv a osobn\u00ed schr\u00e1nku na cennosti a zamykac\u00ed sk\u0159\u00ed\u0148ku.<\/p>\n<p>K tomu pat\u0159\u00ed tak\u00e9 stravov\u00e1n\u00ed ve form\u011b bufetu. Sou\u010d\u00e1st\u00ed je i neomezen\u00fd pobyt v cel\u00e9m are\u00e1lu.<\/p>\n<p>M\u00e1te dal\u0161\u00ed ot\u00e1zky? R\u00e1di v\u00e1m je zodpov\u00edme.[\/vc_column_text][vc_empty_space height=&#8220;20px&#8220;]<a href=\"https:\/\/fkk-rom.de\/cs\/\/anfahrt\"><button class=\"custom-button \"><span>Kontakt<\/span><\/button><\/a>[vc_empty_space][\/vc_column][vc_column width=&#8220;3\/12&#8243;][vc_column_text]<\/p>\n<h2>Rom &#8217;30<\/h2>\n<p>Za vstupn\u00e9 30<strong>\u00a0eur<\/strong> dostanete:<\/p>\n<ul>\n<li>ru\u010dn\u00edk<\/li>\n<li>bedern\u00ed kilt<\/li>\n<\/ul>\n<div class=\"font-smaller\">koupac\u00ed pl\u00e1\u0161\u0165 stoj\u00ed 5 eur<br \/>\nka\u017ed\u00fd dal\u0161\u00ed ru\u010dn\u00edk stoj\u00ed 3 eura<\/div>\n<p>[\/vc_column_text][vc_empty_space][\/vc_column][vc_column width=&#8220;3\/12&#8243;][vc_column_text]<\/p>\n<h2>Rom &#8217;40<\/h2>\n<p>Za vstupn\u00e9 40<strong>\u00a0eur<\/strong> dostanete:<\/p>\n<ul>\n<li>ru\u010dn\u00edky (neomezen\u011b)<\/li>\n<li>bedern\u00ed kilt<\/li>\n<li>koupac\u00ed pl\u00e1\u0161\u0165<\/li>\n<li>bezplatn\u011b v\u0161echny hork\u00e9 a studen\u00e9 nealkoholick\u00e9 n\u00e1poje<br \/>\nenergetick\u00e9 drinky a ovocn\u00e1 piva nejsou sou\u010d\u00e1st\u00ed nab\u00eddky<\/li>\n<\/ul>\n<p>[\/vc_column_text][\/vc_column][\/vc_row][vc_row][vc_column][vc_empty_space height=&#8220;40px&#8220;][vc_separator color=&#8220;mulled_wine&#8220; style=&#8220;dashed&#8220;][vc_empty_space height=&#8220;40px&#8220;][\/vc_column][\/vc_row][vc_row][vc_column width=&#8220;9\/12&#8243;]\n\t\t\t<!-- START preise REVOLUTION SLIDER 6.7.31 --><p class=\"rs-p-wp-fix\"><\/p>\n\t\t\t<rs-module-wrap id=\"rev_slider_11_1_wrapper\" data-source=\"gallery\" style=\"visibility:hidden;background:transparent;padding:0;margin:0px auto;margin-top:0;margin-bottom:0;\">\n\t\t\t\t<rs-module id=\"rev_slider_11_1\" style=\"\" data-version=\"6.7.31\">\n\t\t\t\t\t<rs-slides style=\"overflow: hidden; position: absolute;\">\n\t\t\t\t\t\t<rs-slide style=\"position: absolute;\" data-key=\"rs-30\" data-title=\"Slide\" data-anim=\"adpr:false;\">\n\t\t\t\t\t\t\t<img decoding=\"async\" src=\"\/\/fkk-rom.de\/wp-content\/plugins\/revslider\/sr6\/assets\/assets\/dummy.png\" alt=\"Slide\" title=\"Ceny\" class=\"rev-slidebg tp-rs-img rs-lazyload\" data-lazyload=\"\/\/fkk-rom.de\/wp-content\/plugins\/revslider\/sr6\/assets\/assets\/transparent.png\" data-bg=\"c:#1e1e1e;\" data-parallax=\"off\" data-no-retina>\n<!--\n\t\t\t\t\t\t\t--><rs-layer\n\t\t\t\t\t\t\t\tid=\"slider-11-slide-30-layer-1\" \n\t\t\t\t\t\t\t\tdata-type=\"image\"\n\t\t\t\t\t\t\t\tdata-rsp_ch=\"on\"\n\t\t\t\t\t\t\t\tdata-xy=\"x:-92px;y:5px;\"\n\t\t\t\t\t\t\t\tdata-text=\"l:22;\"\n\t\t\t\t\t\t\t\tdata-dim=\"w:1176px;h:496px;\"\n\t\t\t\t\t\t\t\tdata-frame_0=\"tp:600;\"\n\t\t\t\t\t\t\t\tdata-frame_1=\"tp:600;e:power2.inOut;st:0;sp:60;\"\n\t\t\t\t\t\t\t\tdata-frame_999=\"o:0;tp:600;e:nothing;st:w;\"\n\t\t\t\t\t\t\t\tstyle=\"z-index:5;\"\n\t\t\t\t\t\t\t><img decoding=\"async\" src=\"\/\/fkk-rom.de\/wp-content\/plugins\/revslider\/sr6\/assets\/assets\/dummy.png\" alt=\"\" class=\"tp-rs-img rs-lazyload\" width=\"1176\" height=\"496\" data-lazyload=\"\/\/fkk-rom.de\/wp-content\/uploads\/2016\/02\/bg-1.jpg\" data-no-retina> \n\t\t\t\t\t\t\t<\/rs-layer><!--\n\n\t\t\t\t\t\t\t--><rs-layer\n\t\t\t\t\t\t\t\tid=\"slider-11-slide-30-layer-2\" \n\t\t\t\t\t\t\t\tdata-type=\"image\"\n\t\t\t\t\t\t\t\tdata-rsp_ch=\"on\"\n\t\t\t\t\t\t\t\tdata-xy=\"x:304px;y:40px;\"\n\t\t\t\t\t\t\t\tdata-text=\"l:22;\"\n\t\t\t\t\t\t\t\tdata-dim=\"w:436px;h:436px;\"\n\t\t\t\t\t\t\t\tdata-frame_0=\"y:bottom;o:1;tp:600;\"\n\t\t\t\t\t\t\t\tdata-frame_1=\"tp:600;e:power4.inOut;st:500;sp:2000;\"\n\t\t\t\t\t\t\t\tdata-frame_999=\"o:0;tp:600;e:nothing;st:w;\"\n\t\t\t\t\t\t\t\tstyle=\"z-index:6;\"\n\t\t\t\t\t\t\t><img decoding=\"async\" src=\"\/\/fkk-rom.de\/wp-content\/plugins\/revslider\/sr6\/assets\/assets\/dummy.png\" alt=\"\" class=\"tp-rs-img rs-lazyload\" width=\"436\" height=\"436\" data-lazyload=\"\/\/fkk-rom.de\/wp-content\/uploads\/2016\/02\/gold_fkk_club_card.png\" data-no-retina> \n\t\t\t\t\t\t\t<\/rs-layer><!--\n\n\t\t\t\t\t\t\t--><rs-layer\n\t\t\t\t\t\t\t\tid=\"slider-11-slide-30-layer-3\" \n\t\t\t\t\t\t\t\tdata-type=\"image\"\n\t\t\t\t\t\t\t\tdata-rsp_ch=\"on\"\n\t\t\t\t\t\t\t\tdata-xy=\"x:326px;y:411px;\"\n\t\t\t\t\t\t\t\tdata-text=\"l:22;\"\n\t\t\t\t\t\t\t\tdata-dim=\"w:436px;h:436px;\"\n\t\t\t\t\t\t\t\tdata-frame_0=\"y:bottom;o:1;tp:600;\"\n\t\t\t\t\t\t\t\tdata-frame_1=\"tp:600;e:power2.inOut;st:2250;sp:1770;\"\n\t\t\t\t\t\t\t\tdata-frame_999=\"o:0;tp:600;e:nothing;st:w;\"\n\t\t\t\t\t\t\t\tstyle=\"z-index:7;\"\n\t\t\t\t\t\t\t><img decoding=\"async\" src=\"\/\/fkk-rom.de\/wp-content\/plugins\/revslider\/sr6\/assets\/assets\/dummy.png\" alt=\"\" class=\"tp-rs-img rs-lazyload\" width=\"436\" height=\"436\" data-lazyload=\"\/\/fkk-rom.de\/wp-content\/uploads\/2016\/02\/bronze_fkk_club_card.png\" data-no-retina> \n\t\t\t\t\t\t\t<\/rs-layer><!--\n\n\t\t\t\t\t\t\t--><rs-layer\n\t\t\t\t\t\t\t\tid=\"slider-11-slide-30-layer-4\" \n\t\t\t\t\t\t\t\tdata-type=\"image\"\n\t\t\t\t\t\t\t\tdata-rsp_ch=\"on\"\n\t\t\t\t\t\t\t\tdata-xy=\"x:10px;y:249px;\"\n\t\t\t\t\t\t\t\tdata-text=\"l:22;\"\n\t\t\t\t\t\t\t\tdata-dim=\"w:436px;h:436px;\"\n\t\t\t\t\t\t\t\tdata-frame_0=\"y:bottom;o:1;tp:600;\"\n\t\t\t\t\t\t\t\tdata-frame_1=\"tp:600;e:power2.inOut;st:940;sp:2080;\"\n\t\t\t\t\t\t\t\tdata-frame_999=\"o:0;tp:600;e:nothing;st:w;\"\n\t\t\t\t\t\t\t\tstyle=\"z-index:8;\"\n\t\t\t\t\t\t\t><img decoding=\"async\" src=\"\/\/fkk-rom.de\/wp-content\/plugins\/revslider\/sr6\/assets\/assets\/dummy.png\" alt=\"\" class=\"tp-rs-img rs-lazyload\" width=\"436\" height=\"436\" data-lazyload=\"\/\/fkk-rom.de\/wp-content\/uploads\/2016\/02\/silber_fkk_club_card.png\" data-no-retina> \n\t\t\t\t\t\t\t<\/rs-layer><!--\n\n\t\t\t\t\t\t\t--><rs-layer\n\t\t\t\t\t\t\t\tid=\"slider-11-slide-30-layer-5\" \n\t\t\t\t\t\t\t\tdata-type=\"image\"\n\t\t\t\t\t\t\t\tdata-rsp_ch=\"on\"\n\t\t\t\t\t\t\t\tdata-xy=\"x:260px;y:223px;\"\n\t\t\t\t\t\t\t\tdata-text=\"l:22;\"\n\t\t\t\t\t\t\t\tdata-dim=\"w:55px;h:56px;\"\n\t\t\t\t\t\t\t\tdata-frame_0=\"tp:600;\"\n\t\t\t\t\t\t\t\tdata-frame_1=\"tp:600;e:power2.inOut;st:2460;sp:1070;\"\n\t\t\t\t\t\t\t\tdata-frame_999=\"o:0;tp:600;e:nothing;st:w;\"\n\t\t\t\t\t\t\t\tstyle=\"z-index:9;\"\n\t\t\t\t\t\t\t><img decoding=\"async\" src=\"\/\/fkk-rom.de\/wp-content\/plugins\/revslider\/sr6\/assets\/assets\/dummy.png\" alt=\"\" class=\"tp-rs-img rs-lazyload\" width=\"55\" height=\"56\" data-lazyload=\"\/\/fkk-rom.de\/wp-content\/uploads\/2016\/03\/15x.png\" data-no-retina> \n\t\t\t\t\t\t\t<\/rs-layer><!--\n\n\t\t\t\t\t\t\t--><rs-layer\n\t\t\t\t\t\t\t\tid=\"slider-11-slide-30-layer-6\" \n\t\t\t\t\t\t\t\tdata-type=\"image\"\n\t\t\t\t\t\t\t\tdata-rsp_ch=\"on\"\n\t\t\t\t\t\t\t\tdata-xy=\"x:-26px;y:434px;\"\n\t\t\t\t\t\t\t\tdata-text=\"l:22;\"\n\t\t\t\t\t\t\t\tdata-dim=\"w:43px;h:45px;\"\n\t\t\t\t\t\t\t\tdata-frame_0=\"tp:600;\"\n\t\t\t\t\t\t\t\tdata-frame_1=\"tp:600;e:power2.inOut;st:3180;sp:1010;\"\n\t\t\t\t\t\t\t\tdata-frame_999=\"o:0;tp:600;e:nothing;st:w;\"\n\t\t\t\t\t\t\t\tstyle=\"z-index:10;\"\n\t\t\t\t\t\t\t><img decoding=\"async\" src=\"\/\/fkk-rom.de\/wp-content\/plugins\/revslider\/sr6\/assets\/assets\/dummy.png\" alt=\"\" class=\"tp-rs-img rs-lazyload\" width=\"43\" height=\"45\" data-lazyload=\"\/\/fkk-rom.de\/wp-content\/uploads\/2016\/02\/10x.png\" data-no-retina> \n\t\t\t\t\t\t\t<\/rs-layer><!--\n\n\t\t\t\t\t\t\t--><rs-layer\n\t\t\t\t\t\t\t\tid=\"slider-11-slide-30-layer-7\" \n\t\t\t\t\t\t\t\tdata-type=\"image\"\n\t\t\t\t\t\t\t\tdata-rsp_ch=\"on\"\n\t\t\t\t\t\t\t\tdata-xy=\"x:620px;y:379px;\"\n\t\t\t\t\t\t\t\tdata-text=\"l:22;\"\n\t\t\t\t\t\t\t\tdata-dim=\"w:26px;h:27px;\"\n\t\t\t\t\t\t\t\tdata-frame_0=\"tp:600;\"\n\t\t\t\t\t\t\t\tdata-frame_1=\"tp:600;e:power2.inOut;st:3920;sp:1070;\"\n\t\t\t\t\t\t\t\tdata-frame_999=\"o:0;tp:600;e:nothing;st:w;\"\n\t\t\t\t\t\t\t\tstyle=\"z-index:11;\"\n\t\t\t\t\t\t\t><img decoding=\"async\" src=\"\/\/fkk-rom.de\/wp-content\/plugins\/revslider\/sr6\/assets\/assets\/dummy.png\" alt=\"\" class=\"tp-rs-img rs-lazyload\" width=\"26\" height=\"27\" data-lazyload=\"\/\/fkk-rom.de\/wp-content\/uploads\/2016\/02\/5x.png\" data-no-retina> \n\t\t\t\t\t\t\t<\/rs-layer><!--\n-->\t\t\t\t\t<\/rs-slide>\n\t\t\t\t\t<\/rs-slides>\n\t\t\t\t<\/rs-module>\n\t\t\t\t<script>\n\t\t\t\t\tsetREVStartSize({c: 'rev_slider_11_1',rl:[1240,1024,778,480],el:[],gw:[1008],gh:[500],type:'standard',justify:'',layout:'fullwidth',mh:\"0\"});if (window.RS_MODULES!==undefined && window.RS_MODULES.modules!==undefined && window.RS_MODULES.modules[\"revslider111\"]!==undefined) {window.RS_MODULES.modules[\"revslider111\"].once = false;window.revapi11 = undefined;if (window.RS_MODULES.checkMinimal!==undefined) window.RS_MODULES.checkMinimal()}\n\t\t\t\t<\/script>\n\t\t\t<\/rs-module-wrap>\n\t\t\t<!-- END REVOLUTION SLIDER -->\n[\/vc_column][vc_column width=&#8220;3\/12&#8243;][vc_empty_space][vc_column_text]<\/p>\n<h2>V.I.P. karta<\/h2>\n<p>[\/vc_column_text][vc_column_text el_class=&#8220;text-highlight&#8220;]LIMITOV\u00c1NO[\/vc_column_text][vc_empty_space height=&#8220;20px&#8220;][vc_column_text]<strong>Gold Card 15<\/strong> vstup\u016f pouze za 390 eur<\/p>\n<p><strong>Silver Card 10<\/strong> vstup\u016f pouze za 280 eur<\/p>\n<p><strong>Bronze Card 5<\/strong> vstup\u016f pouze za 150 eur<\/p>\n<p>V\u0161echny V.I.P. karty lze zakoupit na m\u00edst\u011b u vchodu do Saunov\u00e9ho klubu. Karty jsou navr\u017eeny v diskr\u00e9tn\u00edm proveden\u00ed.<\/p>\n<p><em>Nelze uplatnit: pond\u011bl\u00ed (cel\u00fd den), st\u0159eda (do 19:00)<\/em>[\/vc_column_text][vc_empty_space][\/vc_column][\/vc_row]<\/p>\n<\/div>","protected":false},"excerpt":{"rendered":"<p>[vc_row][vc_column][vc_empty_space height=&#8220;60px&#8220;][\/vc_column][\/vc_row][vc_row][vc_column width=&#8220;6\/12&#8243;][vc_column_text]Nudistick\u00fd Saunov\u00fd klub \u0158\u00edm nab\u00edz\u00ed ka\u017ed\u00e9mu hostu samoz\u0159ejm\u011b ru\u010dn\u00edky, desinfikovanou koupac\u00ed obuv a osobn\u00ed schr\u00e1nku na cennosti a zamykac\u00ed sk\u0159\u00ed\u0148ku. K tomu pat\u0159\u00ed tak\u00e9 stravov\u00e1n\u00ed ve form\u011b bufetu. &#8230;<\/p>\n","protected":false},"author":1,"featured_media":0,"parent":0,"menu_order":0,"comment_status":"closed","ping_status":"closed","template":"","meta":{"footnotes":""},"class_list":["post-1086","page","type-page","status-publish","hentry"],"yoast_head":"<!-- This site is optimized with the Yoast SEO plugin v25.6 - https:\/\/yoast.com\/wordpress\/plugins\/seo\/ -->\n<title>Ceny &#8226;<\/title>\n<meta name=\"robots\" content=\"index, follow, max-snippet:-1, max-image-preview:large, max-video-preview:-1\" \/>\n<link rel=\"canonical\" href=\"https:\/\/fkk-rom.de\/preise\/\" \/>\n<meta property=\"og:locale\" content=\"cs_CZ\" \/>\n<meta property=\"og:type\" content=\"article\" \/>\n<meta property=\"og:title\" content=\"Ceny &#8226;\" \/>\n<meta property=\"og:description\" content=\"[vc_row][vc_column][vc_empty_space height=&#8220;60px&#8220;][\/vc_column][\/vc_row][vc_row][vc_column width=&#8220;6\/12&#8243;][vc_column_text]Nudistick\u00fd Saunov\u00fd klub \u0158\u00edm nab\u00edz\u00ed ka\u017ed\u00e9mu hostu samoz\u0159ejm\u011b ru\u010dn\u00edky, desinfikovanou koupac\u00ed obuv a osobn\u00ed schr\u00e1nku na cennosti a zamykac\u00ed sk\u0159\u00ed\u0148ku. K tomu pat\u0159\u00ed tak\u00e9 stravov\u00e1n\u00ed ve form\u011b bufetu. ...\" \/>\n<meta property=\"og:url\" content=\"https:\/\/fkk-rom.de\/preise\/\" \/>\n<meta property=\"article:modified_time\" content=\"2022-09-12T13:34:04+00:00\" \/>\n<meta name=\"twitter:card\" content=\"summary_large_image\" \/>\n<meta name=\"twitter:label1\" content=\"Odhadovan\u00e1 doba \u010dten\u00ed\" \/>\n\t<meta name=\"twitter:data1\" content=\"1 minuta\" \/>\n<script type=\"application\/ld+json\" class=\"yoast-schema-graph\">{\"@context\":\"https:\/\/schema.org\",\"@graph\":[{\"@type\":\"WebPage\",\"@id\":\"https:\/\/fkk-rom.de\/preise\/\",\"url\":\"https:\/\/fkk-rom.de\/preise\/\",\"name\":\"Ceny &#8226;\",\"isPartOf\":{\"@id\":\"https:\/\/fkk-rom.de\/#website\"},\"datePublished\":\"2016-06-08T08:46:51+00:00\",\"dateModified\":\"2022-09-12T13:34:04+00:00\",\"breadcrumb\":{\"@id\":\"https:\/\/fkk-rom.de\/preise\/#breadcrumb\"},\"inLanguage\":\"cs\",\"potentialAction\":[{\"@type\":\"ReadAction\",\"target\":[\"https:\/\/fkk-rom.de\/preise\/\"]}]},{\"@type\":\"BreadcrumbList\",\"@id\":\"https:\/\/fkk-rom.de\/preise\/#breadcrumb\",\"itemListElement\":[{\"@type\":\"ListItem\",\"position\":1,\"name\":\"Home\",\"item\":\"https:\/\/fkk-rom.de\/cs\/\"},{\"@type\":\"ListItem\",\"position\":2,\"name\":\"Ceny\"}]},{\"@type\":\"WebSite\",\"@id\":\"https:\/\/fkk-rom.de\/#website\",\"url\":\"https:\/\/fkk-rom.de\/\",\"name\":\"\",\"description\":\"Wer Wellness sucht, kommt am Club bei Frankfurt nicht vorbei! Dort liegt er, der Club der Entspannung, 3000qm\u00b2 Club Rom.\",\"potentialAction\":[{\"@type\":\"SearchAction\",\"target\":{\"@type\":\"EntryPoint\",\"urlTemplate\":\"https:\/\/fkk-rom.de\/?s={search_term_string}\"},\"query-input\":{\"@type\":\"PropertyValueSpecification\",\"valueRequired\":true,\"valueName\":\"search_term_string\"}}],\"inLanguage\":\"cs\"}]}<\/script>\n<!-- \/ Yoast SEO plugin. -->","yoast_head_json":{"title":"Ceny &#8226;","robots":{"index":"index","follow":"follow","max-snippet":"max-snippet:-1","max-image-preview":"max-image-preview:large","max-video-preview":"max-video-preview:-1"},"canonical":"https:\/\/fkk-rom.de\/preise\/","og_locale":"cs_CZ","og_type":"article","og_title":"Ceny &#8226;","og_description":"[vc_row][vc_column][vc_empty_space height=&#8220;60px&#8220;][\/vc_column][\/vc_row][vc_row][vc_column width=&#8220;6\/12&#8243;][vc_column_text]Nudistick\u00fd Saunov\u00fd klub \u0158\u00edm nab\u00edz\u00ed ka\u017ed\u00e9mu hostu samoz\u0159ejm\u011b ru\u010dn\u00edky, desinfikovanou koupac\u00ed obuv a osobn\u00ed schr\u00e1nku na cennosti a zamykac\u00ed sk\u0159\u00ed\u0148ku. K tomu pat\u0159\u00ed tak\u00e9 stravov\u00e1n\u00ed ve form\u011b bufetu. ...","og_url":"https:\/\/fkk-rom.de\/preise\/","article_modified_time":"2022-09-12T13:34:04+00:00","twitter_card":"summary_large_image","twitter_misc":{"Odhadovan\u00e1 doba \u010dten\u00ed":"1 minuta"},"schema":{"@context":"https:\/\/schema.org","@graph":[{"@type":"WebPage","@id":"https:\/\/fkk-rom.de\/preise\/","url":"https:\/\/fkk-rom.de\/preise\/","name":"Ceny &#8226;","isPartOf":{"@id":"https:\/\/fkk-rom.de\/#website"},"datePublished":"2016-06-08T08:46:51+00:00","dateModified":"2022-09-12T13:34:04+00:00","breadcrumb":{"@id":"https:\/\/fkk-rom.de\/preise\/#breadcrumb"},"inLanguage":"cs","potentialAction":[{"@type":"ReadAction","target":["https:\/\/fkk-rom.de\/preise\/"]}]},{"@type":"BreadcrumbList","@id":"https:\/\/fkk-rom.de\/preise\/#breadcrumb","itemListElement":[{"@type":"ListItem","position":1,"name":"Home","item":"https:\/\/fkk-rom.de\/cs\/"},{"@type":"ListItem","position":2,"name":"Ceny"}]},{"@type":"WebSite","@id":"https:\/\/fkk-rom.de\/#website","url":"https:\/\/fkk-rom.de\/","name":"","description":"Wer Wellness sucht, kommt am Club bei Frankfurt nicht vorbei! Dort liegt er, der Club der Entspannung, 3000qm\u00b2 Club Rom.","potentialAction":[{"@type":"SearchAction","target":{"@type":"EntryPoint","urlTemplate":"https:\/\/fkk-rom.de\/?s={search_term_string}"},"query-input":{"@type":"PropertyValueSpecification","valueRequired":true,"valueName":"search_term_string"}}],"inLanguage":"cs"}]}},"_links":{"self":[{"href":"https:\/\/fkk-rom.de\/cs\/wp-json\/wp\/v2\/pages\/1086","targetHints":{"allow":["GET"]}}],"collection":[{"href":"https:\/\/fkk-rom.de\/cs\/wp-json\/wp\/v2\/pages"}],"about":[{"href":"https:\/\/fkk-rom.de\/cs\/wp-json\/wp\/v2\/types\/page"}],"author":[{"embeddable":true,"href":"https:\/\/fkk-rom.de\/cs\/wp-json\/wp\/v2\/users\/1"}],"replies":[{"embeddable":true,"href":"https:\/\/fkk-rom.de\/cs\/wp-json\/wp\/v2\/comments?post=1086"}],"version-history":[{"count":3,"href":"https:\/\/fkk-rom.de\/cs\/wp-json\/wp\/v2\/pages\/1086\/revisions"}],"predecessor-version":[{"id":2320,"href":"https:\/\/fkk-rom.de\/cs\/wp-json\/wp\/v2\/pages\/1086\/revisions\/2320"}],"wp:attachment":[{"href":"https:\/\/fkk-rom.de\/cs\/wp-json\/wp\/v2\/media?parent=1086"}],"curies":[{"name":"wp","href":"https:\/\/api.w.org\/{rel}","templated":true}]}}