{"id":1084,"date":"2016-06-08T10:33:00","date_gmt":"2016-06-08T08:33:00","guid":{"rendered":"https:\/\/fkk-rom.de\/cs\/?page_id=1084"},"modified":"2016-11-18T13:42:16","modified_gmt":"2016-11-18T12:42:16","slug":"nudisticky-klub-jak-ma-byt","status":"publish","type":"page","link":"https:\/\/fkk-rom.de\/cs\/","title":{"rendered":"Nudistick\u00fd klub jak m\u00e1 b\u00fdt"},"content":{"rendered":"<div class=\"wpb-content-wrapper\"><p>[vc_row css=&#8220;.vc_custom_1449495218168{margin-bottom: 0px !important;padding-bottom: 0px !important;}&#8220;][vc_column css=&#8220;.vc_custom_1456233006252{margin-bottom: 0px !important;padding-bottom: 0px !important;}&#8220;]\n\t\t\t<!-- START News Hero2 REVOLUTION SLIDER 6.7.31 --><p class=\"rs-p-wp-fix\"><\/p>\n\t\t\t<rs-module-wrap id=\"rev_slider_2_1_wrapper\" data-source=\"gallery\" style=\"visibility:hidden;background:#ffffff;padding:0;margin:0px auto;margin-top:0;margin-bottom:0;\">\n\t\t\t\t<rs-module id=\"rev_slider_2_1\" style=\"\" data-version=\"6.7.31\">\n\t\t\t\t\t<rs-slides style=\"overflow: hidden; position: absolute;\">\n\t\t\t\t\t\t<rs-slide style=\"position: absolute;\" data-key=\"rs-12\" data-title=\"Slide\" data-duration=\"460\" data-anim=\"adpr:false;\" data-in=\"o:0;\" data-out=\"a:false;\">\n\t\t\t\t\t\t\t<img decoding=\"async\" src=\"\/\/fkk-rom.de\/wp-content\/plugins\/revslider\/sr6\/assets\/assets\/dummy.png\" alt=\"\" title=\"Nudistick\u00fd klub jak m\u00e1 b\u00fdt\" class=\"rev-slidebg tp-rs-img rs-lazyload\" data-lazyload=\"\/\/fkk-rom.de\/wp-content\/uploads\/2016\/07\/ambiente-theke-1.jpg\" data-bg=\"p:25% 25%;\" data-parallax=\"10\" data-no-retina>\n<!--\n\t\t\t\t\t\t\t--><h2\n\t\t\t\t\t\t\t\tid=\"slider-2-slide-12-layer-6\" \n\t\t\t\t\t\t\t\tclass=\"rs-layer\"\n\t\t\t\t\t\t\t\tdata-type=\"text\"\n\t\t\t\t\t\t\t\tdata-color=\"rgba(255,255,255,1)\"\n\t\t\t\t\t\t\t\tdata-rsp_ch=\"on\"\n\t\t\t\t\t\t\t\tdata-xy=\"xo:100px,51px,51px,26px;yo:114px,75px,75px,3px;\"\n\t\t\t\t\t\t\t\tdata-text=\"w:normal;s:60;l:80;\"\n\t\t\t\t\t\t\t\tdata-dim=\"w:668px,668px,668px,398px;\"\n\t\t\t\t\t\t\t\tdata-vbility=\"t,t,f,f\"\n\t\t\t\t\t\t\t\tdata-ford=\"frame_0;frame_999;frame_1;\"\n\t\t\t\t\t\t\t\tdata-frame_0=\"o:1;\"\n\t\t\t\t\t\t\t\tdata-frame_0_words=\"d:40;y:100%;o:0;rX:0deg;\"\n\t\t\t\t\t\t\t\tdata-frame_0_mask=\"u:t;y:100%;\"\n\t\t\t\t\t\t\t\tdata-frame_1=\"e:power2.inOut;st:750;sp:1310;\"\n\t\t\t\t\t\t\t\tdata-frame_1_words=\"d:40;\"\n\t\t\t\t\t\t\t\tdata-frame_1_mask=\"u:t;\"\n\t\t\t\t\t\t\t\tdata-frame_999=\"o:0;e:nothing;st:360;sp:260;\"\n\t\t\t\t\t\t\t\tstyle=\"z-index:5;font-family:'Roboto';\"\n\t\t\t\t\t\t\t>Club ROM \n\t\t\t\t\t\t\t<\/h2><!--\n\n\t\t\t\t\t\t\t--><rs-layer\n\t\t\t\t\t\t\t\tid=\"slider-2-slide-12-layer-7\" \n\t\t\t\t\t\t\t\tdata-type=\"text\"\n\t\t\t\t\t\t\t\tdata-color=\"rgba(255,255,255,1)\"\n\t\t\t\t\t\t\t\tdata-xy=\"xo:103px,63px,59px,32px;yo:258px,258px,213px,256px;\"\n\t\t\t\t\t\t\t\tdata-text=\"w:normal;l:22;\"\n\t\t\t\t\t\t\t\tdata-dim=\"w:302px,302px,302px,379px;h:57px,57px,57px,68px;\"\n\t\t\t\t\t\t\t\tdata-vbility=\"t,t,f,f\"\n\t\t\t\t\t\t\t\tdata-ford=\"frame_0;frame_999;frame_1;\"\n\t\t\t\t\t\t\t\tdata-frame_1=\"e:power2.inOut;st:3790;sp:590;\"\n\t\t\t\t\t\t\t\tdata-frame_999=\"o:0;e:nothing;st:w;sp:260;\"\n\t\t\t\t\t\t\t\tstyle=\"z-index:7;font-family:'Roboto';\"\n\t\t\t\t\t\t\t><a href=\"\/ambiente\"><button class=\"custom-button animation-border\">\n<span class=\"button-background\"><\/span>\n<span class=\"button-text\">Ambiente<\/span>\n<\/button><\/a> \n\t\t\t\t\t\t\t<\/rs-layer><!--\n\n\t\t\t\t\t\t\t--><rs-layer\n\t\t\t\t\t\t\t\tid=\"slider-2-slide-12-layer-8\" \n\t\t\t\t\t\t\t\tdata-type=\"text\"\n\t\t\t\t\t\t\t\tdata-color=\"rgba(255,255,255,1)\"\n\t\t\t\t\t\t\t\tdata-rsp_ch=\"on\"\n\t\t\t\t\t\t\t\tdata-xy=\"xo:101px,59px,59px,30px;yo:201px,176px,163px,168px;\"\n\t\t\t\t\t\t\t\tdata-text=\"w:normal;s:15,20,20,20;fw:500,400,400,400;\"\n\t\t\t\t\t\t\t\tdata-dim=\"w:494px,545px,407px,407px;h:81px,83px,80px,80px;\"\n\t\t\t\t\t\t\t\tdata-vbility=\"t,t,f,f\"\n\t\t\t\t\t\t\t\tdata-ford=\"frame_0;frame_999;frame_1;\"\n\t\t\t\t\t\t\t\tdata-frame_0=\"o:1;\"\n\t\t\t\t\t\t\t\tdata-frame_0_lines=\"d:5;y:100%;o:0;rX:0deg;\"\n\t\t\t\t\t\t\t\tdata-frame_1=\"e:power2.out;st:2520;sp:1000;\"\n\t\t\t\t\t\t\t\tdata-frame_1_lines=\"d:5;\"\n\t\t\t\t\t\t\t\tdata-frame_999=\"o:0;e:nothing;st:w;sp:180;\"\n\t\t\t\t\t\t\t\tstyle=\"z-index:6;font-family:'Roboto';\"\n\t\t\t\t\t\t\t>Bei Frankfurt \n\t\t\t\t\t\t\t<\/rs-layer><!--\n\n\t\t\t\t\t\t\t--><rs-layer\n\t\t\t\t\t\t\t\tid=\"slider-2-slide-12-layer-10\" \n\t\t\t\t\t\t\t\tdata-type=\"image\"\n\t\t\t\t\t\t\t\tdata-rsp_ch=\"on\"\n\t\t\t\t\t\t\t\tdata-xy=\"xo:809px,521px,399px,237px;yo:37px,0,-44px,7px;\"\n\t\t\t\t\t\t\t\tdata-text=\"l:22;\"\n\t\t\t\t\t\t\t\tdata-dim=\"w:548px,398px,382,300px;h:667px,573px,462px,363px;\"\n\t\t\t\t\t\t\t\tdata-frame_1=\"e:power2.inOut;st:40;\"\n\t\t\t\t\t\t\t\tdata-frame_999=\"o:0;e:nothing;st:w;\"\n\t\t\t\t\t\t\t\tstyle=\"z-index:8;\"\n\t\t\t\t\t\t\t><img decoding=\"async\" src=\"\/\/fkk-rom.de\/wp-content\/plugins\/revslider\/sr6\/assets\/assets\/dummy.png\" alt=\"\" class=\"tp-rs-img rs-lazyload\" width=\"526\" height=\"636\" data-lazyload=\"\/\/fkk-rom.de\/wp-content\/uploads\/2022\/11\/model_fkk_rom.png\" data-no-retina> \n\t\t\t\t\t\t\t<\/rs-layer><!--\n\n\t\t\t\t\t\t\t--><rs-layer\n\t\t\t\t\t\t\t\tid=\"slider-2-slide-12-layer-11\" \n\t\t\t\t\t\t\t\tdata-type=\"image\"\n\t\t\t\t\t\t\t\tdata-xy=\"xo:103px,103px,55px,25px;yo:325px,325px,122px,105px;\"\n\t\t\t\t\t\t\t\tdata-text=\"l:22;\"\n\t\t\t\t\t\t\t\tdata-dim=\"w:[&#039;264px&#039;,&#039;264px&#039;,&#039;264px&#039;,&#039;264px&#039;];h:[&#039;142px&#039;,&#039;142px&#039;,&#039;142px&#039;,&#039;142px&#039;];\"\n\t\t\t\t\t\t\t\tdata-vbility=\"f,f,t,t\"\n\t\t\t\t\t\t\t\tdata-frame_1=\"e:power2.inOut;st:460;sp:400;\"\n\t\t\t\t\t\t\t\tdata-frame_999=\"o:0;e:nothing;st:w;sp:2500;\"\n\t\t\t\t\t\t\t\tstyle=\"z-index:9;\"\n\t\t\t\t\t\t\t><img decoding=\"async\" src=\"\/\/fkk-rom.de\/wp-content\/plugins\/revslider\/sr6\/assets\/assets\/dummy.png\" alt=\"\" class=\"tp-rs-img rs-lazyload\" width=\"264\" height=\"142\" data-lazyload=\"\/\/fkk-rom.de\/wp-content\/uploads\/2022\/11\/logo.png\" data-no-retina> \n\t\t\t\t\t\t\t<\/rs-layer><!--\n-->\t\t\t\t\t<\/rs-slide>\n\t\t\t\t\t<\/rs-slides>\n\t\t\t\t<\/rs-module>\n\t\t\t\t<script>\n\t\t\t\t\tsetREVStartSize({c: 'rev_slider_2_1',rl:[1240,1024,778,480],el:[700,450,400,350],gw:[1529,1024,778,480],gh:[700,450,400,350],type:'standard',justify:'',layout:'fullwidth',mh:\"0\"});if (window.RS_MODULES!==undefined && window.RS_MODULES.modules!==undefined && window.RS_MODULES.modules[\"revslider21\"]!==undefined) {window.RS_MODULES.modules[\"revslider21\"].once = false;window.revapi2 = undefined;if (window.RS_MODULES.checkMinimal!==undefined) window.RS_MODULES.checkMinimal()}\n\t\t\t\t<\/script>\n\t\t\t<\/rs-module-wrap>\n\t\t\t<!-- END REVOLUTION SLIDER -->\n[\/vc_column][\/vc_row][vc_row][vc_column][vc_empty_space height=&#8220;60px&#8220;][\/vc_column][\/vc_row][vc_row][vc_column width=&#8220;1\/3&#8243;]<header><h1>Nudistick\u00fd klub jak m\u00e1 b\u00fdt<\/h1><\/header>[\/vc_column][vc_column width=&#8220;1\/3&#8243;][vc_column_text]<\/p>\n<p style=\"text-align: left;\">Ten, kdo hled\u00e1 relax a erotiku, najde to prav\u00e9 v Saunov\u00e9m klubu u Frankfurtu nad Mohanem. Tady se nach\u00e1z\u00ed nudistick\u00fd klub pln\u00fd uvoln\u011bn\u00ed, imper\u00e1tor zasazen\u00fd do kvetouc\u00ed p\u0159\u00edrody mezi Aschaffenburgem a Darmstadtem. Saunov\u00fd klub pro mu\u017ee i \u017eeny, nudistick\u00fd \u0158\u00edm. Nudistick\u00fd klub jak m\u00e1 b\u00fdt! Saunov\u00fd klub je prost\u0159ed\u00ed pro zotaven\u00ed v Hesensku, o\u017eivuj\u00edc\u00ed pobyt, kter\u00fd je od za\u010d\u00e1tku do konce protknut\u00fd kr\u00e1sn\u00fdmi z\u00e1\u017eitky a akcemi. Lounge i bar tak\u00e9 s alkoholick\u00fdm ob\u010derstven\u00edm, stejn\u011b vynikaj\u00edc\u00ed j\u00eddla a n\u00e1poje zvouc\u00ed k hostin\u011b, excelentn\u011b vybaven\u00fd wellness se saunou, v\u00ed\u0159ivkou a nav\u00edc venku velk\u00fd centr\u00e1ln\u00ed baz\u00e9n slou\u017e\u00edc\u00ed k ochlazen\u00ed v letn\u00edch m\u011bs\u00edc\u00edch, leh\u00e1tka, sruby, venkovn\u00ed bar s m\u00edstem na grilov\u00e1n\u00ed, kino pro dosp\u011bl\u00e9&#8230; O v\u0161e je postar\u00e1no. Dokonal\u00e9mu pobytu v Saunov\u00e9m klubu nestoj\u00ed absolutn\u011b nic v cest\u011b. A\u0165 je l\u00e9to nebo zima, pond\u011bl\u00ed nebo ned\u011ble, te\u010f m\u016f\u017ee p\u0159ij\u00edt ten nesmrteln\u00fd okam\u017eik! V nudistick\u00e9m klubu je neust\u00e1le oslavov\u00e1n \u0158\u00edm, proto\u017ee je oslavov\u00e1n \u017eivot. Ka\u017ed\u00fd den a jako kdyby z\u00edt\u0159ek nikdy nem\u011bl p\u0159ij\u00edt! To v\u0161e na prostoru o rozloze v\u00edce ne\u017e 3 000 m\u00b2, kter\u00fd byl vytvo\u0159en pouze pro to jedno. Pro maxim\u00e1ln\u00ed napln\u011bn\u00ed \u017eivota, pro v\u0161e zasti\u0148uj\u00edc\u00ed moment, po n\u011bm\u017e v\u0161ichni tou\u017e\u00ed!<\/p>\n<p>[\/vc_column_text][vc_empty_space height=&#8220;60px&#8220;][\/vc_column][vc_column width=&#8220;1\/3&#8243;][vc_column_text]Zapome\u0148te na v\u0161e \u0161patn\u00e9 a u\u017e\u00edvejte si ka\u017edou sekundu to dobr\u00e9. Nechte povstat endorfiny a dychtiv\u011b do sebe nas\u00e1vejte z\u00e1\u017eitky, kter\u00e9 je\u0161t\u011b v\u00edce zintenzivn\u00ed ten p\u0159\u00edjemn\u00fd pocit: Nadechn\u011bte se Saunov\u00e9ho klubu \u0158\u00edm, za\u017eijte \u0158\u00edm, bu\u010fte \u0158\u00edm. Proslavte se \u2013 ve v\u0161ech ohledech. Jen pot\u00e9 se to poda\u0159\u00ed: Sen ji\u017e nen\u00ed pouhou fantazi\u00ed. V\u0161e, co jste si kdy p\u0159\u00e1li, se na tomto m\u00edst\u011b spln\u00ed. Vyhrajte bitvu a \u017eeny v\u00e1m budou le\u017eet v n\u00e1ru\u010d\u00ed. Tak to chod\u00ed v Saunov\u00e9m klubu \u0158\u00edm u Frankfurtu. Proto bychom v\u00e1s cht\u011bli pozvat k n\u00e1m do Saunov\u00e9ho klubu. Je to ambr\u00f3zie pro va\u0161e smysly, odpo\u010dinek na c\u00edsa\u0159sk\u00e9 \u00farovni. I pro voz\u00ed\u010dk\u00e1\u0159e jsme rozvinuli \u010derven\u00fd koberec, bezbari\u00e9rov\u00fd p\u0159\u00edstup nen\u00ed pro n\u00e1s \u017e\u00e1dn\u00e9 ciz\u00ed slovo.<\/p>\n<p>Diskr\u00e9tnost se u n\u00e1s p\u00ed\u0161e velk\u00fdmi p\u00edsmeny, db\u00e1me i na mali\u010dkosti.<\/p>\n<p>To je d\u016fvod, pro\u010d vedou v\u0161echny cesty do nudistick\u00e9ho Saunov\u00e9ho klubu \u0158\u00edm. I va\u0161e? Napl\u00e1novali jste si n\u00e1v\u0161t\u011bvu u n\u00e1s je\u0161t\u011b dnes? T\u011b\u0161\u00edme se na v\u00e1s.<\/p>\n<p>V\u00e1\u0161 Saunov\u00fd klub, nudistick\u00fd \u0158\u00edm[\/vc_column_text][\/vc_column][\/vc_row][vc_row][vc_column][vc_empty_space][\/vc_column][\/vc_row]<\/p>\n<\/div>","protected":false},"excerpt":{"rendered":"<p>[vc_row css=&#8220;.vc_custom_1449495218168{margin-bottom: 0px !important;padding-bottom: 0px !important;}&#8220;][vc_column css=&#8220;.vc_custom_1456233006252{margin-bottom: 0px !important;padding-bottom: 0px !important;}&#8220;][\/vc_column][\/vc_row][vc_row][vc_column][vc_empty_space height=&#8220;60px&#8220;][\/vc_column][\/vc_row][vc_row][vc_column width=&#8220;1\/3&#8243;][\/vc_column][vc_column width=&#8220;1\/3&#8243;][vc_column_text] Ten, kdo hled\u00e1 relax a erotiku, najde to prav\u00e9 v Saunov\u00e9m klubu u Frankfurtu nad Mohanem. &#8230;<\/p>\n","protected":false},"author":1,"featured_media":0,"parent":0,"menu_order":0,"comment_status":"closed","ping_status":"closed","template":"","meta":{"footnotes":""},"class_list":["post-1084","page","type-page","status-publish","hentry"],"yoast_head":"<!-- This site is optimized with the Yoast SEO plugin v25.6 - https:\/\/yoast.com\/wordpress\/plugins\/seo\/ -->\n<title>Nudistick\u00fd klub jak m\u00e1 b\u00fdt &#8226;<\/title>\n<meta name=\"robots\" content=\"index, follow, max-snippet:-1, max-image-preview:large, max-video-preview:-1\" \/>\n<link rel=\"canonical\" href=\"https:\/\/fkk-rom.de\/cs\/\" \/>\n<meta property=\"og:locale\" content=\"cs_CZ\" \/>\n<meta property=\"og:type\" content=\"article\" \/>\n<meta property=\"og:title\" content=\"Nudistick\u00fd klub jak m\u00e1 b\u00fdt &#8226;\" \/>\n<meta property=\"og:description\" content=\"[vc_row css=&#8220;.vc_custom_1449495218168{margin-bottom: 0px !important;padding-bottom: 0px !important;}&#8220;][vc_column css=&#8220;.vc_custom_1456233006252{margin-bottom: 0px !important;padding-bottom: 0px !important;}&#8220;][\/vc_column][\/vc_row][vc_row][vc_column][vc_empty_space height=&#8220;60px&#8220;][\/vc_column][\/vc_row][vc_row][vc_column width=&#8220;1\/3&#8243;][\/vc_column][vc_column width=&#8220;1\/3&#8243;][vc_column_text] Ten, kdo hled\u00e1 relax a erotiku, najde to prav\u00e9 v Saunov\u00e9m klubu u Frankfurtu nad Mohanem. ...\" \/>\n<meta property=\"og:url\" content=\"https:\/\/fkk-rom.de\/cs\/\" \/>\n<meta property=\"article:modified_time\" content=\"2016-11-18T12:42:16+00:00\" \/>\n<meta name=\"twitter:card\" content=\"summary_large_image\" \/>\n<meta name=\"twitter:label1\" content=\"Odhadovan\u00e1 doba \u010dten\u00ed\" \/>\n\t<meta name=\"twitter:data1\" content=\"3 minuty\" \/>\n<script type=\"application\/ld+json\" class=\"yoast-schema-graph\">{\"@context\":\"https:\/\/schema.org\",\"@graph\":[{\"@type\":\"WebPage\",\"@id\":\"https:\/\/fkk-rom.de\/cs\/\",\"url\":\"https:\/\/fkk-rom.de\/cs\/\",\"name\":\"Nudistick\u00fd klub jak m\u00e1 b\u00fdt &#8226;\",\"isPartOf\":{\"@id\":\"https:\/\/fkk-rom.de\/#website\"},\"datePublished\":\"2016-06-08T08:33:00+00:00\",\"dateModified\":\"2016-11-18T12:42:16+00:00\",\"breadcrumb\":{\"@id\":\"https:\/\/fkk-rom.de\/cs\/#breadcrumb\"},\"inLanguage\":\"cs\",\"potentialAction\":[{\"@type\":\"ReadAction\",\"target\":[\"https:\/\/fkk-rom.de\/cs\/\"]}]},{\"@type\":\"BreadcrumbList\",\"@id\":\"https:\/\/fkk-rom.de\/cs\/#breadcrumb\",\"itemListElement\":[{\"@type\":\"ListItem\",\"position\":1,\"name\":\"Home\",\"item\":\"https:\/\/fkk-rom.de\/cs\/\"},{\"@type\":\"ListItem\",\"position\":2,\"name\":\"Nudistick\u00fd klub jak m\u00e1 b\u00fdt\"}]},{\"@type\":\"WebSite\",\"@id\":\"https:\/\/fkk-rom.de\/#website\",\"url\":\"https:\/\/fkk-rom.de\/\",\"name\":\"\",\"description\":\"Wer Wellness sucht, kommt am Club bei Frankfurt nicht vorbei! Dort liegt er, der Club der Entspannung, 3000qm\u00b2 Club Rom.\",\"potentialAction\":[{\"@type\":\"SearchAction\",\"target\":{\"@type\":\"EntryPoint\",\"urlTemplate\":\"https:\/\/fkk-rom.de\/?s={search_term_string}\"},\"query-input\":{\"@type\":\"PropertyValueSpecification\",\"valueRequired\":true,\"valueName\":\"search_term_string\"}}],\"inLanguage\":\"cs\"}]}<\/script>\n<!-- \/ Yoast SEO plugin. -->","yoast_head_json":{"title":"Nudistick\u00fd klub jak m\u00e1 b\u00fdt &#8226;","robots":{"index":"index","follow":"follow","max-snippet":"max-snippet:-1","max-image-preview":"max-image-preview:large","max-video-preview":"max-video-preview:-1"},"canonical":"https:\/\/fkk-rom.de\/cs\/","og_locale":"cs_CZ","og_type":"article","og_title":"Nudistick\u00fd klub jak m\u00e1 b\u00fdt &#8226;","og_description":"[vc_row css=&#8220;.vc_custom_1449495218168{margin-bottom: 0px !important;padding-bottom: 0px !important;}&#8220;][vc_column css=&#8220;.vc_custom_1456233006252{margin-bottom: 0px !important;padding-bottom: 0px !important;}&#8220;][\/vc_column][\/vc_row][vc_row][vc_column][vc_empty_space height=&#8220;60px&#8220;][\/vc_column][\/vc_row][vc_row][vc_column width=&#8220;1\/3&#8243;][\/vc_column][vc_column width=&#8220;1\/3&#8243;][vc_column_text] Ten, kdo hled\u00e1 relax a erotiku, najde to prav\u00e9 v Saunov\u00e9m klubu u Frankfurtu nad Mohanem. ...","og_url":"https:\/\/fkk-rom.de\/cs\/","article_modified_time":"2016-11-18T12:42:16+00:00","twitter_card":"summary_large_image","twitter_misc":{"Odhadovan\u00e1 doba \u010dten\u00ed":"3 minuty"},"schema":{"@context":"https:\/\/schema.org","@graph":[{"@type":"WebPage","@id":"https:\/\/fkk-rom.de\/cs\/","url":"https:\/\/fkk-rom.de\/cs\/","name":"Nudistick\u00fd klub jak m\u00e1 b\u00fdt &#8226;","isPartOf":{"@id":"https:\/\/fkk-rom.de\/#website"},"datePublished":"2016-06-08T08:33:00+00:00","dateModified":"2016-11-18T12:42:16+00:00","breadcrumb":{"@id":"https:\/\/fkk-rom.de\/cs\/#breadcrumb"},"inLanguage":"cs","potentialAction":[{"@type":"ReadAction","target":["https:\/\/fkk-rom.de\/cs\/"]}]},{"@type":"BreadcrumbList","@id":"https:\/\/fkk-rom.de\/cs\/#breadcrumb","itemListElement":[{"@type":"ListItem","position":1,"name":"Home","item":"https:\/\/fkk-rom.de\/cs\/"},{"@type":"ListItem","position":2,"name":"Nudistick\u00fd klub jak m\u00e1 b\u00fdt"}]},{"@type":"WebSite","@id":"https:\/\/fkk-rom.de\/#website","url":"https:\/\/fkk-rom.de\/","name":"","description":"Wer Wellness sucht, kommt am Club bei Frankfurt nicht vorbei! Dort liegt er, der Club der Entspannung, 3000qm\u00b2 Club Rom.","potentialAction":[{"@type":"SearchAction","target":{"@type":"EntryPoint","urlTemplate":"https:\/\/fkk-rom.de\/?s={search_term_string}"},"query-input":{"@type":"PropertyValueSpecification","valueRequired":true,"valueName":"search_term_string"}}],"inLanguage":"cs"}]}},"_links":{"self":[{"href":"https:\/\/fkk-rom.de\/cs\/wp-json\/wp\/v2\/pages\/1084","targetHints":{"allow":["GET"]}}],"collection":[{"href":"https:\/\/fkk-rom.de\/cs\/wp-json\/wp\/v2\/pages"}],"about":[{"href":"https:\/\/fkk-rom.de\/cs\/wp-json\/wp\/v2\/types\/page"}],"author":[{"embeddable":true,"href":"https:\/\/fkk-rom.de\/cs\/wp-json\/wp\/v2\/users\/1"}],"replies":[{"embeddable":true,"href":"https:\/\/fkk-rom.de\/cs\/wp-json\/wp\/v2\/comments?post=1084"}],"version-history":[{"count":2,"href":"https:\/\/fkk-rom.de\/cs\/wp-json\/wp\/v2\/pages\/1084\/revisions"}],"predecessor-version":[{"id":1706,"href":"https:\/\/fkk-rom.de\/cs\/wp-json\/wp\/v2\/pages\/1084\/revisions\/1706"}],"wp:attachment":[{"href":"https:\/\/fkk-rom.de\/cs\/wp-json\/wp\/v2\/media?parent=1084"}],"curies":[{"name":"wp","href":"https:\/\/api.w.org\/{rel}","templated":true}]}}